{"id":230,"date":"2024-02-22T15:36:51","date_gmt":"2024-02-22T14:36:51","guid":{"rendered":"https:\/\/funinio.pl\/?page_id=230"},"modified":"2026-04-07T08:46:39","modified_gmt":"2026-04-07T06:46:39","slug":"harmonogram-treningow","status":"publish","type":"page","link":"https:\/\/funinio.pl\/index.php\/strefa-rodzica\/harmonogram-treningow\/","title":{"rendered":"Harmonogram trening\u00f3w"},"content":{"rendered":"\n<div style=\"height:28px\" aria-hidden=\"true\" class=\"wp-block-spacer\"><\/div>\n\n\n\n<h4 class=\"wp-block-heading\">ROCZNIK 2012<\/h4>\n\n\n\n<ul class=\"wp-block-list\">\n<li>Poniedzia\u0142ek 19:15- 20:45 hala SP 59, ul. D\u0105bska 105, 70-789 Szczecin<\/li>\n\n\n\n<li>Wtorek 18:30 &#8211; 20:00 boisko MOSRiR, ul. Pawia 1, 70-792 Szczecin<\/li>\n\n\n\n<li>Czwartek 18:30 &#8211; 20:00 boisko MOSRiR, ul. Pawia 1, 70-792 Szczecin<\/li>\n<\/ul>\n\n\n\n<h4 class=\"wp-block-heading has-medium-font-size\">ROCZNIK 2013<\/h4>\n\n\n\n<ul class=\"wp-block-list\">\n<li>Poniedzia\u0142ek 19:15- 20:45 hala SP 59, ul. D\u0105bska 105, 70-789 Szczecin<\/li>\n\n\n\n<li>Wtorek 18:30 &#8211; 20:00 boisko MOSRiR, ul. Pawia 1, 70-792 Szczecin<\/li>\n\n\n\n<li>Czwartek 18:30 &#8211; 20:00 boisko MOSRiR, ul. Pawia 1, 70-792 Szczecin<\/li>\n<\/ul>\n\n\n\n<h4 class=\"wp-block-heading\">ROCZNIK 2014 <\/h4>\n\n\n\n<ul class=\"wp-block-list\">\n<li>Wtorek 17:00 &#8211; 18:30 boisko MOSRiR, ul. Pawia 1, 70-792 Szczecin<\/li>\n\n\n\n<li>Czwartek 17:00 &#8211; 18:30 boisko MOSRiR, ul. Pawia 1, 70-792 Szczecin<\/li>\n\n\n\n<li>Pi\u0105tek 18:30 &#8211; 20:00 boisko MOSRiR, ul. Pomara\u0144czowa 31, 70-781 Szczecin<\/li>\n<\/ul>\n\n\n\n<h4 class=\"wp-block-heading has-medium-font-size\">ROCZNIK 2015\/2016 grupa 1.<\/h4>\n\n\n\n<ul class=\"wp-block-list\">\n<li>Poniedzia\u0142ek 18:30 &#8211; 20:00 orlik SP 65, ul. M\u0142odzie\u017cy Polskiej 9, 70-774 Szczecin<\/li>\n\n\n\n<li>\u015aroda 18:30 &#8211; 20:00 orlik SP 65, ul. M\u0142odzie\u017cy Polskiej 9, 70-774 Szczecin<\/li>\n\n\n\n<li>Pi\u0105tek 18:30 &#8211; 20:00 boisko MOSRiR, ul. Pawia 1, 70-792 Szczecin<\/li>\n<\/ul>\n\n\n\n<h4 class=\"wp-block-heading has-medium-font-size\">ROCZNIK 2015\/2016 grupa 2.<\/h4>\n\n\n\n<ul class=\"wp-block-list\">\n<li>Poniedzia\u0142ek 17:00 &#8211; 18:30 orlik SP 65, ul. M\u0142odzie\u017cy Polskiej 9, 70-774 Szczecin<\/li>\n\n\n\n<li>\u015aroda 17:00 &#8211; 18:30 orlik SP 65, ul. M\u0142odzie\u017cy Polskiej 9, 70-774 Szczecin<\/li>\n\n\n\n<li>Pi\u0105tek 18:30 &#8211; 20:00 boisko MOSRiR, ul. Pawia 1, 70-792 Szczecin<\/li>\n<\/ul>\n\n\n\n<h4 class=\"wp-block-heading has-medium-font-size\">ROCZNIK 2017<\/h4>\n\n\n\n<ul class=\"wp-block-list\">\n<li>Poniedzia\u0142ek 18:30 &#8211; 20:00 orlik MOSRiR, ul. Pomara\u0144czowa 31, 70-781 Szczecin<\/li>\n\n\n\n<li>Wtorek 17:00 &#8211; 18:30 orlik SP 65, ul. M\u0142odzie\u017cy Polskiej 9, 70-774 Szczecin<\/li>\n\n\n\n<li>Pi\u0105tek 17:00 &#8211; 18:30 orlik MOSRiR, ul. Pomara\u0144czowa 31, 70-781 Szczecin<\/li>\n<\/ul>\n\n\n\n<h4 class=\"wp-block-heading has-medium-font-size\">ROCZNIK 2018<\/h4>\n\n\n\n<ul class=\"wp-block-list\">\n<li>Poniedzia\u0142ek 17:00 &#8211; 18:15 boisko MOSRiR, ul. Pomara\u0144czowa 31, 70-781 Szczecin<\/li>\n\n\n\n<li>Czwartek 17:00 &#8211; 18:15 orlik SP 65, ul. M\u0142odzie\u017cy Polskiej 9, 70-774 Szczecin<\/li>\n<\/ul>\n\n\n\n<h4 class=\"wp-block-heading\">ROCZNIK 2019 I M\u0141ODSI<\/h4>\n\n\n\n<ul class=\"wp-block-list\">\n<li>Poniedzia\u0142ek 17:00 &#8211; 18:15 boisko MOSRiR, ul. Pomara\u0144czowa 31, 70-781 Szczecin<\/li>\n\n\n\n<li>Czwartek 17:00 &#8211; 18:15 orlik SP 65, ul. M\u0142odzie\u017cy Polskiej 9, 70-774 Szczecin<\/li>\n<\/ul>\n\n\n\n<p><\/p>\n","protected":false},"excerpt":{"rendered":"<p>ROCZNIK 2012 ROCZNIK 2013 ROCZNIK 2014 ROCZNIK 2015\/2016 grupa 1. ROCZNIK 2015\/2016 grupa 2. ROCZNIK 2017 ROCZNIK 2018 ROCZNIK 2019 I M\u0141ODSI<\/p>\n","protected":false},"author":2,"featured_media":0,"parent":249,"menu_order":0,"comment_status":"closed","ping_status":"closed","template":"","meta":{"neve_meta_sidebar":"default","neve_meta_container":"","neve_meta_enable_content_width":"","neve_meta_content_width":0,"neve_meta_title_alignment":"","neve_meta_author_avatar":"","neve_post_elements_order":"","neve_meta_disable_header":"","neve_meta_disable_footer":"","neve_meta_disable_title":"","footnotes":""},"class_list":["post-230","page","type-page","status-publish","hentry"],"_links":{"self":[{"href":"https:\/\/funinio.pl\/index.php\/wp-json\/wp\/v2\/pages\/230","targetHints":{"allow":["GET"]}}],"collection":[{"href":"https:\/\/funinio.pl\/index.php\/wp-json\/wp\/v2\/pages"}],"about":[{"href":"https:\/\/funinio.pl\/index.php\/wp-json\/wp\/v2\/types\/page"}],"author":[{"embeddable":true,"href":"https:\/\/funinio.pl\/index.php\/wp-json\/wp\/v2\/users\/2"}],"replies":[{"embeddable":true,"href":"https:\/\/funinio.pl\/index.php\/wp-json\/wp\/v2\/comments?post=230"}],"version-history":[{"count":55,"href":"https:\/\/funinio.pl\/index.php\/wp-json\/wp\/v2\/pages\/230\/revisions"}],"predecessor-version":[{"id":538,"href":"https:\/\/funinio.pl\/index.php\/wp-json\/wp\/v2\/pages\/230\/revisions\/538"}],"up":[{"embeddable":true,"href":"https:\/\/funinio.pl\/index.php\/wp-json\/wp\/v2\/pages\/249"}],"wp:attachment":[{"href":"https:\/\/funinio.pl\/index.php\/wp-json\/wp\/v2\/media?parent=230"}],"curies":[{"name":"wp","href":"https:\/\/api.w.org\/{rel}","templated":true}]}}