{"id":161,"date":"2021-09-20T17:43:36","date_gmt":"2021-09-20T15:43:36","guid":{"rendered":"http:\/\/funinio.pl\/?page_id=161"},"modified":"2026-02-17T08:35:20","modified_gmt":"2026-02-17T07:35:20","slug":"o-akademii","status":"publish","type":"page","link":"https:\/\/funinio.pl\/index.php\/o-akademii\/","title":{"rendered":"O Akademii"},"content":{"rendered":"\n<h2 class=\"wp-block-heading\"> Nazwa<\/h2>\n\n\n\n<p style=\"padding-right:0;padding-left:0\">&#8222;Funinio&#8221; mimo, \u017ce pisane i czytane jest \u0142\u0105cznie, to aby zrozumie\u0107 genez\u0119 tej nazwy, trzeba rozdzieli\u0107 j\u0105 na dwa osobne cz\u0142ony.<\/p>\n\n\n\n<p>&#8222;Fun&#8221; jako bardzo popularne s\u0142owo w j\u0119zyku angielskim oznacza nic innego jak zabaw\u0119. Jednym z g\u0142\u00f3wnych za\u0142o\u017ce\u0144 naszej Akademii jest nauczanie gry w pi\u0142k\u0119 no\u017cn\u0105, zapewniaj\u0105c przy tym wspomnian\u0105 \u015bwietn\u0105 zabaw\u0119. Dlaczego ? O tym przeczytajcie w zak\u0142adce &#8222;filozofia szkolenia&#8221;<\/p>\n\n\n\n<p>&#8222;Ninio&#8221;, a w\u0142a\u015bciwie zachowuj\u0105c pisowni\u0119 hiszpa\u0144sk\u0105 \u2013 ni\u00f1o, to przek\u0142adaj\u0105c na nasz j\u0119zyk ojczysty &#8222;dziecko&#8221;. Jak nie trudno si\u0119 domy\u015bli\u0107, ide\u0105 Akademii jest szkolenie dzieci i m\u0142odzie\u017cy, co sprawia, \u017ce nazwa staje si\u0119 sp\u00f3jna.<\/p>\n\n\n\n<p>Autorem jednocz\u0142onowej nazwy w takiej postaci, jest jednak niemiecki Trener, Horst Wein. To w\u0142a\u015bnie on napisa\u0142 ksi\u0105\u017ck\u0119 opisuj\u0105c\u0105 rewolucyjn\u0105 metod\u0119 szkolenia jak\u0105 jest Funinio i zatytuowa\u0142 j\u0105 tak\u0105 nazw\u0105. My, zainspirowani prac\u0105 i wizj\u0105 niemieckiego szkoleniowca, postanowili\u015bmy uhonorowa\u0107 jego metody, stawiaj\u0105c je jako szyld naszej Akademii.<\/p>\n\n\n\n<hr class=\"wp-block-separator has-css-opacity\"\/>\n\n\n\n<div class=\"wp-block-columns are-vertically-aligned-top is-layout-flex wp-container-core-columns-is-layout-25caceab wp-block-columns-is-layout-flex\" style=\"padding-top:0;padding-right:0rem;padding-bottom:0;padding-left:0rem\">\n<div class=\"wp-block-column is-vertically-aligned-top is-layout-flow wp-block-column-is-layout-flow\">\n<figure class=\"wp-block-image size-large is-resized\"><img loading=\"lazy\" decoding=\"async\" width=\"811\" height=\"1024\" src=\"http:\/\/funinio.pl\/wp-content\/uploads\/2021\/07\/funinioi-811x1024.png\" alt=\"\" class=\"wp-image-26\" style=\"aspect-ratio:0.79199225626855;width:429px;height:auto\"\/><\/figure>\n<\/div>\n\n\n\n<div class=\"wp-block-column is-vertically-aligned-top is-layout-flow wp-block-column-is-layout-flow\">\n<h2 class=\"wp-block-heading has-text-align-center\"> Herb <\/h2>\n\n\n\n<p class=\"has-text-align-center\">Symbole zwierz\u0105t cz\u0119sto pojawiaj\u0105 si\u0119 na herbach klub\u00f3w pi\u0142karskich. Dotyczy to tak\u017ce symbolu koguta. Najbardziej znan\u0105 dru\u017cyn\u0105 klubow\u0105, kt\u00f3ra u\u017cywa tego symbolu i od kt\u00f3rego to symbolu pochodzi przydomek zespo\u0142u to oczywi\u015bcie Tottenham. Londy\u0144ski zesp\u00f3\u0142 2 razy zdoby\u0142 mistrzostwo Anglii, 8 razy Puchar Anglii, zwyci\u0119\u017cy\u0142 tak\u017ce dwukrotnie w rozgrywkach o Puchar UEFA oraz raz w Pucharze Zdobywc\u00f3w Puchar\u00f3w. Ale r\u00f3wnie\u017c mniejsze kluby zawieraj\u0105 w swoim herbie taki symbol. I tak dotyczy to w\u0142oskiego klubu AS Bari, przez wiele jak graj\u0105cego w Seria A, a obecnie (po reaktywacji) tu\u0142aj\u0105cego si\u0119 po ni\u017cszych ligach, jak r\u00f3wnie\u017c graj\u0105cego w regionalnej lidze w\u0142oskiego klubu ASD Asti. Symbol znajdziemy tak\u017ce w pozaeuropejskich klubach pi\u0142karskich. U\u017cywa go argenty\u0144ski drugoligowy Club Deportivo z miasta Mor\u00f3n, a u\u017cywa\u0142 nieistniej\u0105cy ju\u017c Club Social y Deportivo, b\u0119d\u0105cy gwatemalskim klubem pi\u0142karskim z siedzib\u0105 w mie\u015bcie Zacapa.<\/p>\n\n\n\n<p class=\"has-text-align-center\">Kogut spogl\u0105da r\u00f3wnie\u017c z herbu Funinio \u2026<\/p>\n<\/div>\n<\/div>\n\n\n\n<hr class=\"wp-block-separator has-alpha-channel-opacity\"\/>\n\n\n\n<div class=\"wp-block-columns is-layout-flex wp-container-core-columns-is-layout-88f68325 wp-block-columns-is-layout-flex\" style=\"padding-right:0rem;padding-left:0rem\">\n<div class=\"wp-block-column is-layout-flow wp-block-column-is-layout-flow\">\n<h2 class=\"wp-block-heading has-text-align-center\">Maskotka<\/h2>\n\n\n\n<p class=\"has-text-align-center\">Maskotk\u0105, a zarazem patronem naszej Akademii jest nie kto inny jak kogut. Jego imi\u0119 jest \u015bci\u015ble zwi\u0105zane z nasz\u0105 nazw\u0105. Kogut cz\u0119sto pojawia si\u0119 na treningach naszych najm\u0142odszych grup, a aby zwr\u00f3ci\u0107 jego uwag\u0119, wystarczy m\u00f3wi\u0107 do niego \u2013 Funio !<\/p>\n<\/div>\n\n\n\n<div class=\"wp-block-column is-layout-flow wp-block-column-is-layout-flow\"><div class=\"wp-block-image\">\n<figure class=\"aligncenter size-large is-resized\"><img loading=\"lazy\" decoding=\"async\" width=\"349\" height=\"1024\" src=\"https:\/\/funinio.pl\/wp-content\/uploads\/2026\/02\/Maskotka-349x1024.png\" alt=\"\" class=\"wp-image-501\" style=\"aspect-ratio:0.3408173288979738;width:137px;height:auto\" srcset=\"https:\/\/funinio.pl\/wp-content\/uploads\/2026\/02\/Maskotka-349x1024.png 349w, https:\/\/funinio.pl\/wp-content\/uploads\/2026\/02\/Maskotka-102x300.png 102w, https:\/\/funinio.pl\/wp-content\/uploads\/2026\/02\/Maskotka.png 360w\" sizes=\"auto, (max-width: 349px) 100vw, 349px\" \/><\/figure>\n<\/div><\/div>\n<\/div>\n","protected":false},"excerpt":{"rendered":"<p>Nazwa &#8222;Funinio&#8221; mimo, \u017ce pisane i czytane jest \u0142\u0105cznie, to aby zrozumie\u0107 genez\u0119 tej nazwy, trzeba rozdzieli\u0107 j\u0105 na dwa osobne cz\u0142ony. &#8222;Fun&#8221; jako bardzo popularne s\u0142owo w j\u0119zyku angielskim oznacza nic innego jak zabaw\u0119. Jednym z g\u0142\u00f3wnych za\u0142o\u017ce\u0144 naszej Akademii jest nauczanie gry w pi\u0142k\u0119 no\u017cn\u0105, zapewniaj\u0105c przy tym wspomnian\u0105 \u015bwietn\u0105 zabaw\u0119. Dlaczego ?&hellip;&nbsp;<a href=\"https:\/\/funinio.pl\/index.php\/o-akademii\/\" rel=\"bookmark\">Dowiedz si\u0119 wi\u0119cej &raquo;<span class=\"screen-reader-text\">O Akademii<\/span><\/a><\/p>\n","protected":false},"author":1,"featured_media":0,"parent":0,"menu_order":0,"comment_status":"closed","ping_status":"closed","template":"","meta":{"neve_meta_sidebar":"full-width","neve_meta_container":"default","neve_meta_enable_content_width":"on","neve_meta_content_width":80,"neve_meta_title_alignment":"","neve_meta_author_avatar":"","neve_post_elements_order":"","neve_meta_disable_header":"","neve_meta_disable_footer":"","neve_meta_disable_title":"","footnotes":""},"class_list":["post-161","page","type-page","status-publish","hentry"],"_links":{"self":[{"href":"https:\/\/funinio.pl\/index.php\/wp-json\/wp\/v2\/pages\/161","targetHints":{"allow":["GET"]}}],"collection":[{"href":"https:\/\/funinio.pl\/index.php\/wp-json\/wp\/v2\/pages"}],"about":[{"href":"https:\/\/funinio.pl\/index.php\/wp-json\/wp\/v2\/types\/page"}],"author":[{"embeddable":true,"href":"https:\/\/funinio.pl\/index.php\/wp-json\/wp\/v2\/users\/1"}],"replies":[{"embeddable":true,"href":"https:\/\/funinio.pl\/index.php\/wp-json\/wp\/v2\/comments?post=161"}],"version-history":[{"count":33,"href":"https:\/\/funinio.pl\/index.php\/wp-json\/wp\/v2\/pages\/161\/revisions"}],"predecessor-version":[{"id":516,"href":"https:\/\/funinio.pl\/index.php\/wp-json\/wp\/v2\/pages\/161\/revisions\/516"}],"wp:attachment":[{"href":"https:\/\/funinio.pl\/index.php\/wp-json\/wp\/v2\/media?parent=161"}],"curies":[{"name":"wp","href":"https:\/\/api.w.org\/{rel}","templated":true}]}}